{"id":198,"date":"2024-04-17T23:41:30","date_gmt":"2024-04-18T02:41:30","guid":{"rendered":"https:\/\/cassilathomaz.adv.br\/?page_id=198"},"modified":"2024-04-26T16:25:54","modified_gmt":"2024-04-26T19:25:54","slug":"blog","status":"publish","type":"page","link":"https:\/\/cassilathomaz.adv.br\/?page_id=198","title":{"rendered":"Blog"},"content":{"rendered":"\t\t<div data-elementor-type=\"wp-page\" data-elementor-id=\"198\" class=\"elementor elementor-198\" data-elementor-post-type=\"page\">\n\t\t\t\t<div class=\"elementor-element elementor-element-a6c1c92 e-flex e-con-boxed e-con e-parent\" data-id=\"a6c1c92\" data-element_type=\"container\" data-settings=\"{&quot;background_background&quot;:&quot;classic&quot;,&quot;background_motion_fx_motion_fx_scrolling&quot;:&quot;yes&quot;,&quot;background_motion_fx_translateY_effect&quot;:&quot;yes&quot;,&quot;background_motion_fx_translateY_speed&quot;:{&quot;unit&quot;:&quot;px&quot;,&quot;size&quot;:10,&quot;sizes&quot;:[]},&quot;background_motion_fx_range&quot;:&quot;page&quot;,&quot;background_motion_fx_translateY_affectedRange&quot;:{&quot;unit&quot;:&quot;%&quot;,&quot;size&quot;:&quot;&quot;,&quot;sizes&quot;:{&quot;start&quot;:0,&quot;end&quot;:100}},&quot;background_motion_fx_devices&quot;:[&quot;desktop&quot;,&quot;tablet&quot;,&quot;mobile&quot;]}\">\n\t\t\t\t\t<div class=\"e-con-inner\">\n\t\t\t\t\t<\/div>\n\t\t\t\t<\/div>\n\t\t<div class=\"elementor-element elementor-element-ebdd7a7 e-flex e-con-boxed e-con e-parent\" data-id=\"ebdd7a7\" data-element_type=\"container\">\n\t\t\t\t\t<div class=\"e-con-inner\">\n\t\t\t\t<div class=\"elementor-element elementor-element-46d33e2 elementor-grid-3 elementor-grid-tablet-2 elementor-grid-mobile-1 elementor-posts--thumbnail-top elementor-posts--show-avatar elementor-card-shadow-yes elementor-posts__hover-gradient elementor-widget elementor-widget-posts\" data-id=\"46d33e2\" data-element_type=\"widget\" data-settings=\"{&quot;pagination_type&quot;:&quot;numbers_and_prev_next&quot;,&quot;cards_columns&quot;:&quot;3&quot;,&quot;cards_columns_tablet&quot;:&quot;2&quot;,&quot;cards_columns_mobile&quot;:&quot;1&quot;,&quot;cards_row_gap&quot;:{&quot;unit&quot;:&quot;px&quot;,&quot;size&quot;:35,&quot;sizes&quot;:[]},&quot;cards_row_gap_tablet&quot;:{&quot;unit&quot;:&quot;px&quot;,&quot;size&quot;:&quot;&quot;,&quot;sizes&quot;:[]},&quot;cards_row_gap_mobile&quot;:{&quot;unit&quot;:&quot;px&quot;,&quot;size&quot;:&quot;&quot;,&quot;sizes&quot;:[]}}\" data-widget_type=\"posts.cards\">\n\t\t\t\t<div class=\"elementor-widget-container\">\n\t\t\t\t\t<div class=\"elementor-posts-container elementor-posts elementor-posts--skin-cards elementor-grid\">\n\t\t\t\t<article class=\"elementor-post elementor-grid-item post-441 post type-post status-publish format-standard has-post-thumbnail hentry category-blog tag-direito tag-direitoempresarial tag-falencia tag-negociacao tag-recuperacaoextrajudicial tag-recuperacaojudicial-2\">\n\t\t\t<div class=\"elementor-post__card\">\n\t\t\t\t<a class=\"elementor-post__thumbnail__link\" href=\"https:\/\/cassilathomaz.adv.br\/?p=441\" tabindex=\"-1\" ><div class=\"elementor-post__thumbnail\"><img fetchpriority=\"high\" decoding=\"async\" width=\"675\" height=\"354\" src=\"https:\/\/cassilathomaz.adv.br\/wp-content\/uploads\/2024\/06\/recuperacao-judicial.jpg\" class=\"attachment-full size-full wp-image-443\" alt=\"\" srcset=\"https:\/\/cassilathomaz.adv.br\/wp-content\/uploads\/2024\/06\/recuperacao-judicial.jpg 675w, https:\/\/cassilathomaz.adv.br\/wp-content\/uploads\/2024\/06\/recuperacao-judicial-300x157.jpg 300w\" sizes=\"(max-width: 675px) 100vw, 675px\" \/><\/div><\/a>\n\t\t\t\t<div class=\"elementor-post__badge\">Blog<\/div>\n\t\t\t\t<div class=\"elementor-post__avatar\">\n\t\t\t<img alt='Designer CeT' src='https:\/\/secure.gravatar.com\/avatar\/515f318aeeb3eba78b6da005c75ae95f?s=128&#038;d=mm&#038;r=g' srcset='https:\/\/secure.gravatar.com\/avatar\/515f318aeeb3eba78b6da005c75ae95f?s=256&#038;d=mm&#038;r=g 2x' class='avatar avatar-128 photo' height='128' width='128' \/>\t\t<\/div>\n\t\t\t\t<div class=\"elementor-post__text\">\n\t\t\t\t<h3 class=\"elementor-post__title\">\n\t\t\t<a href=\"https:\/\/cassilathomaz.adv.br\/?p=441\" >\n\t\t\t\tOs benef\u00edcios da Recupera\u00e7\u00e3o Judicial para as empresas\t\t\t<\/a>\n\t\t<\/h3>\n\t\t\t\t<div class=\"elementor-post__excerpt\">\n\t\t\t<p>A recupera\u00e7\u00e3o judicial oferece v\u00e1rios benef\u00edcios para as empresas que enfrentam dificuldades financeiras. Alguns dos principais benef\u00edcios incluem: Esses benef\u00edcios tornam a recupera\u00e7\u00e3o judicial um<\/p>\n\t\t<\/div>\n\t\t\n\t\t<a class=\"elementor-post__read-more\" href=\"https:\/\/cassilathomaz.adv.br\/?p=441\" aria-label=\"Read more about Os benef\u00edcios da Recupera\u00e7\u00e3o Judicial para as empresas\" tabindex=\"-1\" >\n\t\t\tLEIA MAIS \u00bb\t\t<\/a>\n\n\t\t\t\t<\/div>\n\t\t\t\t<div class=\"elementor-post__meta-data\">\n\t\t\t\t\t<span class=\"elementor-post-date\">\n\t\t\t28 de June de 2024\t\t<\/span>\n\t\t\t\t<span class=\"elementor-post-avatar\">\n\t\t\tNo Comments\t\t<\/span>\n\t\t\t\t<\/div>\n\t\t\t\t\t<\/div>\n\t\t<\/article>\n\t\t\t\t<article class=\"elementor-post elementor-grid-item post-10 post type-post status-publish format-standard has-post-thumbnail hentry category-blog\">\n\t\t\t<div class=\"elementor-post__card\">\n\t\t\t\t<a class=\"elementor-post__thumbnail__link\" href=\"https:\/\/cassilathomaz.adv.br\/?p=10\" tabindex=\"-1\" ><div class=\"elementor-post__thumbnail\"><img decoding=\"async\" width=\"1024\" height=\"576\" src=\"https:\/\/cassilathomaz.adv.br\/wp-content\/uploads\/2024\/04\/a82917a9-5e44-444a-8867-ff97c63af52b-edited.jpeg\" class=\"attachment-full size-full wp-image-217\" alt=\"\" srcset=\"https:\/\/cassilathomaz.adv.br\/wp-content\/uploads\/2024\/04\/a82917a9-5e44-444a-8867-ff97c63af52b-edited.jpeg 1024w, https:\/\/cassilathomaz.adv.br\/wp-content\/uploads\/2024\/04\/a82917a9-5e44-444a-8867-ff97c63af52b-edited-300x169.jpeg 300w, https:\/\/cassilathomaz.adv.br\/wp-content\/uploads\/2024\/04\/a82917a9-5e44-444a-8867-ff97c63af52b-edited-768x432.jpeg 768w\" sizes=\"(max-width: 1024px) 100vw, 1024px\" \/><\/div><\/a>\n\t\t\t\t<div class=\"elementor-post__badge\">Blog<\/div>\n\t\t\t\t<div class=\"elementor-post__avatar\">\n\t\t\t<img alt='Hector Hansen' src='https:\/\/secure.gravatar.com\/avatar\/809a6feb0f6b2a139b3caffe0985c8b8?s=128&#038;d=mm&#038;r=g' srcset='https:\/\/secure.gravatar.com\/avatar\/809a6feb0f6b2a139b3caffe0985c8b8?s=256&#038;d=mm&#038;r=g 2x' class='avatar avatar-128 photo' height='128' width='128' \/>\t\t<\/div>\n\t\t\t\t<div class=\"elementor-post__text\">\n\t\t\t\t<h3 class=\"elementor-post__title\">\n\t\t\t<a href=\"https:\/\/cassilathomaz.adv.br\/?p=10\" >\n\t\t\t\tUma Nova Alternativa em Advocacia Empresarial\t\t\t<\/a>\n\t\t<\/h3>\n\t\t\t\t<div class=\"elementor-post__excerpt\">\n\t\t\t<p>Bem-vindo(a) ao Cassila &#038; Thomaz Sociedade de Advogados! Estamos felizes em receb\u00ea-lo(a) aqui.<\/p>\n<p>Nossa empresa oferece servi\u00e7os advocat\u00edcios especializados no ambiente de neg\u00f3cios das organiza\u00e7\u00f5es, abrangendo diversos setores e ind\u00fastrias. Nosso objetivo \u00e9 proporcionar uma nova experi\u00eancia em gest\u00e3o legal e jur\u00eddica empresarial.<\/p>\n\t\t<\/div>\n\t\t\n\t\t<a class=\"elementor-post__read-more\" href=\"https:\/\/cassilathomaz.adv.br\/?p=10\" aria-label=\"Read more about Uma Nova Alternativa em Advocacia Empresarial\" tabindex=\"-1\" >\n\t\t\tLEIA MAIS \u00bb\t\t<\/a>\n\n\t\t\t\t<\/div>\n\t\t\t\t<div class=\"elementor-post__meta-data\">\n\t\t\t\t\t<span class=\"elementor-post-date\">\n\t\t\t5 de December de 2023\t\t<\/span>\n\t\t\t\t<span class=\"elementor-post-avatar\">\n\t\t\t2 Comments\t\t<\/span>\n\t\t\t\t<\/div>\n\t\t\t\t\t<\/div>\n\t\t<\/article>\n\t\t\t\t<article class=\"elementor-post elementor-grid-item post-5 post type-post status-publish format-standard has-post-thumbnail hentry category-blog\">\n\t\t\t<div class=\"elementor-post__card\">\n\t\t\t\t<a class=\"elementor-post__thumbnail__link\" href=\"https:\/\/cassilathomaz.adv.br\/?p=5\" tabindex=\"-1\" ><div class=\"elementor-post__thumbnail\"><img decoding=\"async\" width=\"1024\" height=\"1024\" src=\"https:\/\/cassilathomaz.adv.br\/wp-content\/uploads\/2024\/04\/094ed185-76ce-4a2c-bc93-c5f2b462bb67.jpeg\" class=\"attachment-full size-full wp-image-220\" alt=\"\" srcset=\"https:\/\/cassilathomaz.adv.br\/wp-content\/uploads\/2024\/04\/094ed185-76ce-4a2c-bc93-c5f2b462bb67.jpeg 1024w, https:\/\/cassilathomaz.adv.br\/wp-content\/uploads\/2024\/04\/094ed185-76ce-4a2c-bc93-c5f2b462bb67-300x300.jpeg 300w, https:\/\/cassilathomaz.adv.br\/wp-content\/uploads\/2024\/04\/094ed185-76ce-4a2c-bc93-c5f2b462bb67-150x150.jpeg 150w, https:\/\/cassilathomaz.adv.br\/wp-content\/uploads\/2024\/04\/094ed185-76ce-4a2c-bc93-c5f2b462bb67-768x768.jpeg 768w\" sizes=\"(max-width: 1024px) 100vw, 1024px\" \/><\/div><\/a>\n\t\t\t\t<div class=\"elementor-post__badge\">Blog<\/div>\n\t\t\t\t<div class=\"elementor-post__avatar\">\n\t\t\t<img alt='Hector Hansen' src='https:\/\/secure.gravatar.com\/avatar\/809a6feb0f6b2a139b3caffe0985c8b8?s=128&#038;d=mm&#038;r=g' srcset='https:\/\/secure.gravatar.com\/avatar\/809a6feb0f6b2a139b3caffe0985c8b8?s=256&#038;d=mm&#038;r=g 2x' class='avatar avatar-128 photo' height='128' width='128' \/>\t\t<\/div>\n\t\t\t\t<div class=\"elementor-post__text\">\n\t\t\t\t<h3 class=\"elementor-post__title\">\n\t\t\t<a href=\"https:\/\/cassilathomaz.adv.br\/?p=5\" >\n\t\t\t\tSimplificando a Gest\u00e3o Legal e Jur\u00eddica Empresarial\t\t\t<\/a>\n\t\t<\/h3>\n\t\t\t\t<div class=\"elementor-post__excerpt\">\n\t\t\t<p>Desenvolvemos servi\u00e7os advocat\u00edcios relacionados ao ambiente de neg\u00f3cios das organiza\u00e7\u00f5es em diversos setores e ind\u00fastrias, possibilitando uma nova experi\u00eancia em gest\u00e3o legal e jur\u00eddica empresarial.<\/p>\n\t\t<\/div>\n\t\t\n\t\t<a class=\"elementor-post__read-more\" href=\"https:\/\/cassilathomaz.adv.br\/?p=5\" aria-label=\"Read more about Simplificando a Gest\u00e3o Legal e Jur\u00eddica Empresarial\" tabindex=\"-1\" >\n\t\t\tLEIA MAIS \u00bb\t\t<\/a>\n\n\t\t\t\t<\/div>\n\t\t\t\t<div class=\"elementor-post__meta-data\">\n\t\t\t\t\t<span class=\"elementor-post-date\">\n\t\t\t5 de December de 2023\t\t<\/span>\n\t\t\t\t<span class=\"elementor-post-avatar\">\n\t\t\tNo Comments\t\t<\/span>\n\t\t\t\t<\/div>\n\t\t\t\t\t<\/div>\n\t\t<\/article>\n\t\t\t\t<\/div>\n\t\t\n\t\t\t\t<\/div>\n\t\t\t\t<\/div>\n\t\t\t\t\t<\/div>\n\t\t\t\t<\/div>\n\t\t\t\t<\/div>\n\t\t","protected":false},"excerpt":{"rendered":"","protected":false},"author":1,"featured_media":0,"parent":0,"menu_order":0,"comment_status":"closed","ping_status":"closed","template":"elementor_header_footer","meta":{"footnotes":""},"_links":{"self":[{"href":"https:\/\/cassilathomaz.adv.br\/index.php?rest_route=\/wp\/v2\/pages\/198"}],"collection":[{"href":"https:\/\/cassilathomaz.adv.br\/index.php?rest_route=\/wp\/v2\/pages"}],"about":[{"href":"https:\/\/cassilathomaz.adv.br\/index.php?rest_route=\/wp\/v2\/types\/page"}],"author":[{"embeddable":true,"href":"https:\/\/cassilathomaz.adv.br\/index.php?rest_route=\/wp\/v2\/users\/1"}],"replies":[{"embeddable":true,"href":"https:\/\/cassilathomaz.adv.br\/index.php?rest_route=%2Fwp%2Fv2%2Fcomments&post=198"}],"version-history":[{"count":41,"href":"https:\/\/cassilathomaz.adv.br\/index.php?rest_route=\/wp\/v2\/pages\/198\/revisions"}],"predecessor-version":[{"id":358,"href":"https:\/\/cassilathomaz.adv.br\/index.php?rest_route=\/wp\/v2\/pages\/198\/revisions\/358"}],"wp:attachment":[{"href":"https:\/\/cassilathomaz.adv.br\/index.php?rest_route=%2Fwp%2Fv2%2Fmedia&parent=198"}],"curies":[{"name":"wp","href":"https:\/\/api.w.org\/{rel}","templated":true}]}}